{"id":496,"date":"2022-06-20T10:33:49","date_gmt":"2022-06-20T10:33:49","guid":{"rendered":"https:\/\/www.airkopter.es\/maintenance-hangar\/"},"modified":"2023-10-11T15:05:10","modified_gmt":"2023-10-11T15:05:10","slug":"maintenance-hangar","status":"publish","type":"page","link":"https:\/\/www.airkopter.es\/es\/maintenance-hangar\/","title":{"rendered":"Hangar de mantenimiento"},"content":{"rendered":"<p>[vc_row full_width=\u00bbstretch_row\u00bb css=\u00bb.vc_custom_1646396575940{padding-bottom: 100px !important;}\u00bb el_class=\u00bbpadding0&#8243;][vc_column width=\u00bb1\/2&#8243;][vc_raw_html]JTNDaDElMjBzdHlsZSUzRCUyMnotaW5kZXglM0ExJTNCcG9zaXRpb24lM0ElMjByZWxhdGl2ZSUzQiUyMiUzRUhhbmdhciUyMGRlJTBBJTNDYnIlM0UlM0NzcGFuJTIwc3R5bGUlM0QlMjJ0b3AlM0ElMjA5MHB4JTNCJTIwd2lkdGglM0ElMjAzNTBweCUzQmhlaWdodCUzQTE5cHglM0IlMjIlMjBjbGFzcyUzRCUyMnllbGxvd19saW5lJTIyJTNFJTNDJTJGc3BhbiUzRU1hbnRlbmltaWVudG8lM0MlMkZoMSUzRQ==[\/vc_raw_html][vc_column_text]<\/p>\n<div>\n<div>\n<p><b>Airkopter Aviaci\u00f3n es una instalaci\u00f3n de mantenimiento aprobada por la EASA Parte 145<\/b>\u00a0en la que realizamos el mantenimiento de helic\u00f3pteros en nuestra sede en Casarrubios de los montes (TOLEDO).<\/p>\n<p><b>Nuestro objetivo es realizar un mantenimiento de alta calidad con el m\u00ednimo tiempo de inactividad para nuestros clientes.<\/b>\u00a0Nuestro equipo de t\u00e9cnicos y mec\u00e1nicos de mantenimiento tiene una s\u00f3lida y amplia competencia y experiencia, lo que nos permite realizar el mantenimiento de todas las aeronaves de las categor\u00edas de mantenimiento II y III, un gran n\u00famero de helic\u00f3pteros.<\/p>\n<p>Gracias a nuestra gran experiencia, podemos garantizar un tiempo de inactividad m\u00ednimo para nuestros clientes.<\/p>\n<p><b>Nuestro nuevo hangar MRO<\/b>\u00a0(mantenimiento, reparaci\u00f3n y revisi\u00f3n): Un hangar de 1500 m2 donde tenemos la capacidad de llevar a cabo el mantenimiento y las modificaciones de cuatro aeronaves al mismo tiempo. Incorporamos muchas otras funciones de apoyo especializadas en el dise\u00f1o del hangar; incluyendo un taller de bater\u00edas, un taller de chapa\/compuestos, una instalaci\u00f3n de pintura y un \u00e1rea de almacenamiento para piezas y aeronaves.<\/p>\n<p>Airkopter est\u00e1 haciendo un gran esfuerzo al mismo tiempo para ser una organizaci\u00f3n aprobada por CAMO para la Parte M, incluyendo la Subparte G+I (Revisi\u00f3n del Certificado de Aeronavegabilidad). Airkopter ofrece soluciones completas para la planificaci\u00f3n del mantenimiento, la aeronavegabilidad continuada y la gesti\u00f3n t\u00e9cnica para los operadores comerciales en r\u00e9gimen de consultor\u00eda.<\/p>\n<\/div>\n<\/div>\n<div>\n<p>Podemos ofrecer un acuerdo CAMO en el que somos responsables de supervisar la aeronavegabilidad de su aeronave. Esto incluir\u00eda el establecimiento de un programa de mantenimiento y la revisi\u00f3n del estado de su aeronave anualmente.<\/p>\n<\/div>\n<p>[\/vc_column_text][\/vc_column][vc_column width=\u00bb1\/2&#8243;][\/vc_column][\/vc_row]<\/p>\n","protected":false},"excerpt":{"rendered":"<p>[vc_row full_width=\u00bbstretch_row\u00bb css=\u00bb.vc_custom_1646396575940{padding-bottom: 100px !important;}\u00bb el_class=\u00bbpadding0&#8243;][vc_column width=\u00bb1\/2&#8243;][vc_raw_html]JTNDaDElMjBzdHlsZSUzRCUyMnotaW5kZXglM0ExJTNCcG9zaXRpb24lM0ElMjByZWxhdGl2ZSUzQiUyMiUzRUhhbmdhciUyMGRlJTBBJTNDYnIlM0UlM0NzcGFuJTIwc3R5bGUlM0QlMjJ0b3AlM0ElMjA5MHB4JTNCJTIwd2lkdGglM0ElMjAzNTBweCUzQmhlaWdodCUzQTE5cHglM0IlMjIlMjBjbGFzcyUzRCUyMnllbGxvd19saW5lJTIyJTNFJTNDJTJGc3BhbiUzRU1hbnRlbmltaWVudG8lM0MlMkZoMSUzRQ==[\/vc_raw_html][vc_column_text] Airkopter Aviaci\u00f3n es una instalaci\u00f3n de mantenimiento aprobada por la EASA Parte 145\u00a0en la que realizamos el mantenimiento de helic\u00f3pteros en nuestra sede en Casarrubios de los montes (TOLEDO). Nuestro objetivo es realizar un mantenimiento de alta calidad con el m\u00ednimo tiempo de inactividad para nuestros clientes.\u00a0Nuestro equipo&hellip;<\/p>\n","protected":false},"author":1,"featured_media":0,"parent":0,"menu_order":0,"comment_status":"closed","ping_status":"closed","template":"","meta":[],"categories":[],"tags":[],"_links":{"self":[{"href":"https:\/\/www.airkopter.es\/es\/wp-json\/wp\/v2\/pages\/496"}],"collection":[{"href":"https:\/\/www.airkopter.es\/es\/wp-json\/wp\/v2\/pages"}],"about":[{"href":"https:\/\/www.airkopter.es\/es\/wp-json\/wp\/v2\/types\/page"}],"author":[{"embeddable":true,"href":"https:\/\/www.airkopter.es\/es\/wp-json\/wp\/v2\/users\/1"}],"replies":[{"embeddable":true,"href":"https:\/\/www.airkopter.es\/es\/wp-json\/wp\/v2\/comments?post=496"}],"version-history":[{"count":14,"href":"https:\/\/www.airkopter.es\/es\/wp-json\/wp\/v2\/pages\/496\/revisions"}],"predecessor-version":[{"id":625,"href":"https:\/\/www.airkopter.es\/es\/wp-json\/wp\/v2\/pages\/496\/revisions\/625"}],"wp:attachment":[{"href":"https:\/\/www.airkopter.es\/es\/wp-json\/wp\/v2\/media?parent=496"}],"wp:term":[{"taxonomy":"category","embeddable":true,"href":"https:\/\/www.airkopter.es\/es\/wp-json\/wp\/v2\/categories?post=496"},{"taxonomy":"post_tag","embeddable":true,"href":"https:\/\/www.airkopter.es\/es\/wp-json\/wp\/v2\/tags?post=496"}],"curies":[{"name":"wp","href":"https:\/\/api.w.org\/{rel}","templated":true}]}}