{"id":272,"date":"2022-02-14T10:55:52","date_gmt":"2022-02-14T10:55:52","guid":{"rendered":"https:\/\/www.airkopter.es\/?page_id=272"},"modified":"2022-03-24T08:03:17","modified_gmt":"2022-03-24T08:03:17","slug":"subir-cv","status":"publish","type":"page","link":"https:\/\/www.airkopter.es\/es\/subir-cv\/","title":{"rendered":"Subir CV"},"content":{"rendered":"<p>[vc_row full_width=\u00bbstretch_row\u00bb css=\u00bb.vc_custom_1646302944114{background-image: url(https:\/\/www.airkopter.es\/wp-content\/uploads\/2022\/02\/background-cv.jpg?id=57) !important;background-position: center !important;background-repeat: no-repeat !important;background-size: cover !important;}\u00bb el_class=\u00bbupload-cv\u00bb][vc_column width=\u00bb1\/2&#8243; offset=\u00bbvc_hidden-xs\u00bb][\/vc_column][vc_column width=\u00bb1\/2&#8243;][vc_raw_html]JTNDaDElMjBzdHlsZSUzRCUyMnotaW5kZXglM0ExJTNCcG9zaXRpb24lM0ElMjByZWxhdGl2ZSUzQiUyMiUzRSUzQ3NwYW4lMjBzdHlsZSUzRCUyMnRvcCUzQSUyMDM1cHglM0IlMjB3aWR0aCUzQTIwNXB4JTNCaGVpZ2h0JTNBMTlweCUzQiUyMiUyMGNsYXNzJTNEJTIyeWVsbG93X2xpbmUlMjIlM0UlM0MlMkZzcGFuJTNFU3ViaXIlMjBDViUzQyUyRmgxJTNFJTBBJTNDcCUyMHN0eWxlJTNEJTIybWFyZ2luLXRvcCUzQTQwcHglM0JtYXJnaW4tYm90dG9tJTNBMjBweCUzQiUyMiUzRSUwQVNpJTIwcXVpZXJlcyUyMHRyYWJhamFyJTIwY29uJTIwbm9zb3Ryb3MlMjBwdWVkZXMlMjBoYWNlcm5vcyUyMGxsZWdhciUyMHR1JTIwQ1YlMjBlbiUyMFBERiUyMG1lZGlhbnRlJTIwZXN0ZSUyMGZvcm11bGFyaW8lMjBkZSUyMGNvbnRhY3RvLiUzQyUyRnAlM0UlMEE=[\/vc_raw_html][vc_column_text]<div role=\"form\" class=\"wpcf7\" id=\"wpcf7-f216-o1\" lang=\"es-ES\" dir=\"ltr\">\n<div class=\"screen-reader-response\"><p role=\"status\" aria-live=\"polite\" aria-atomic=\"true\"><\/p> <ul><\/ul><\/div>\n<form action=\"\/es\/wp-json\/wp\/v2\/pages\/272#wpcf7-f216-o1\" method=\"post\" class=\"wpcf7-form init\" enctype=\"multipart\/form-data\" novalidate=\"novalidate\" data-status=\"init\">\n<div style=\"display: none;\">\n<input type=\"hidden\" name=\"_wpcf7\" value=\"216\" \/>\n<input type=\"hidden\" name=\"_wpcf7_version\" value=\"5.5.6\" \/>\n<input type=\"hidden\" name=\"_wpcf7_locale\" value=\"es_ES\" \/>\n<input type=\"hidden\" name=\"_wpcf7_unit_tag\" value=\"wpcf7-f216-o1\" \/>\n<input type=\"hidden\" name=\"_wpcf7_container_post\" value=\"0\" \/>\n<input type=\"hidden\" name=\"_wpcf7_posted_data_hash\" value=\"\" \/>\n<input type=\"hidden\" name=\"_wpcf7_recaptcha_response\" value=\"\" \/>\n<\/div>\n<div style=\"margin-bottom:20px;\"><span class=\"wpcf7-form-control-wrap nombre\"><input type=\"text\" name=\"nombre\" value=\"\" size=\"40\" class=\"wpcf7-form-control wpcf7-text\" aria-invalid=\"false\" placeholder=\"Nombre y apellido (obligatorio)\" \/><\/span><\/div>\n<div style=\"margin-bottom:20px;\"><span class=\"wpcf7-form-control-wrap email\"><input type=\"email\" name=\"email\" value=\"\" size=\"40\" class=\"wpcf7-form-control wpcf7-text wpcf7-email wpcf7-validates-as-email\" aria-invalid=\"false\" placeholder=\"Email (obligatorio)\" \/><\/span><\/div>\n<div class=\"subida-cv\">\n<span class=\"wpcf7-form-control-wrap cv-documents\"><input type=\"file\" name=\"cv-documents\" size=\"40\" class=\"wpcf7-form-control wpcf7-file\" accept=\".pdf\" aria-invalid=\"false\" \/><\/span>\n<\/div>\n<div style=\"font-size:14px;font-weight:bold;margin-bottom:15px;\"><span class=\"wpcf7-form-control-wrap acceptance-846\"><span class=\"wpcf7-form-control wpcf7-acceptance\"><span class=\"wpcf7-list-item\"><label><input type=\"checkbox\" name=\"acceptance-846\" value=\"1\" aria-invalid=\"false\" \/><span class=\"wpcf7-list-item-label\">&nbsp * Acepto la <a style=\"color:inherit;\" href=\"\/privacy-policy\/\">pol\u00edtica de privacidad<\/a> y el <a style=\"color:inherit;\" href=\"\/legal-notice\/\">aviso legal<\/a><\/span><\/label><\/span><\/span><\/span><\/div>\n<div style=\"font-size:14px;font-weight:bold;margin-bottom:15px;\"><span class=\"wpcf7-form-control-wrap acceptance-505\"><span class=\"wpcf7-form-control wpcf7-acceptance optional\"><span class=\"wpcf7-list-item\"><label><input type=\"checkbox\" name=\"acceptance-505\" value=\"1\" aria-invalid=\"false\" \/><span class=\"wpcf7-list-item-label\">&nbsp Acepto recibir ofertas comerciales y promociones<\/span><\/label><\/span><\/span><\/span><\/div>\n<div class=\"rgpd\">\n<div style=\"margin-bottom:25px;\">Responsable del tratamiento: AIRKOPTER LTD. Direcci\u00f3n del responsable: Inniscarra, Main Street. Rathcoole, Co. Dublin. Finalidad: Sus datos ser\u00e1n usados para poder atender sus solicitudes y prestarle nuestros servicios. Legitimaci\u00f3n: \u00danicamente trataremos sus datos con su consentimiento previo, que podr\u00e1 facilitarnos mediante la casilla correspondiente establecida al efecto. Destinatarios: Con car\u00e1cter general, s\u00f3lo el personal de nuestra entidad que est\u00e9 debidamente autorizado podr\u00e1 tener conocimiento de la informaci\u00f3n que le pedimos. Derechos: Tiene derecho a saber qu\u00e9 informaci\u00f3n tenemos sobre usted, corregirla y eliminarla, tal y como se explica en la informaci\u00f3n adicional disponible en nuestra p\u00e1gina web.<\/div>\n<\/div>\n<p><input type=\"submit\" value=\"Subir archivo\" class=\"wpcf7-form-control has-spinner wpcf7-submit\" id=\"enviar_cv\" \/><\/p>\n<div class=\"wpcf7-response-output\" aria-hidden=\"true\"><\/div><\/form><\/div>[\/vc_column_text][\/vc_column][\/vc_row]<\/p>\n","protected":false},"excerpt":{"rendered":"<p>[vc_row full_width=\u00bbstretch_row\u00bb css=\u00bb.vc_custom_1646302944114{background-image: url(https:\/\/www.airkopter.es\/wp-content\/uploads\/2022\/02\/background-cv.jpg?id=57) !important;background-position: center !important;background-repeat: no-repeat !important;background-size: cover !important;}\u00bb el_class=\u00bbupload-cv\u00bb][vc_column width=\u00bb1\/2&#8243; offset=\u00bbvc_hidden-xs\u00bb][\/vc_column][vc_column width=\u00bb1\/2&#8243;][vc_raw_html]JTNDaDElMjBzdHlsZSUzRCUyMnotaW5kZXglM0ExJTNCcG9zaXRpb24lM0ElMjByZWxhdGl2ZSUzQiUyMiUzRSUzQ3NwYW4lMjBzdHlsZSUzRCUyMnRvcCUzQSUyMDM1cHglM0IlMjB3aWR0aCUzQTIwNXB4JTNCaGVpZ2h0JTNBMTlweCUzQiUyMiUyMGNsYXNzJTNEJTIyeWVsbG93X2xpbmUlMjIlM0UlM0MlMkZzcGFuJTNFU3ViaXIlMjBDViUzQyUyRmgxJTNFJTBBJTNDcCUyMHN0eWxlJTNEJTIybWFyZ2luLXRvcCUzQTQwcHglM0JtYXJnaW4tYm90dG9tJTNBMjBweCUzQiUyMiUzRSUwQVNpJTIwcXVpZXJlcyUyMHRyYWJhamFyJTIwY29uJTIwbm9zb3Ryb3MlMjBwdWVkZXMlMjBoYWNlcm5vcyUyMGxsZWdhciUyMHR1JTIwQ1YlMjBlbiUyMFBERiUyMG1lZGlhbnRlJTIwZXN0ZSUyMGZvcm11bGFyaW8lMjBkZSUyMGNvbnRhY3RvLiUzQyUyRnAlM0UlMEE=[\/vc_raw_html][vc_column_text][\/vc_column_text][\/vc_column][\/vc_row]<\/p>\n","protected":false},"author":1,"featured_media":0,"parent":0,"menu_order":0,"comment_status":"closed","ping_status":"closed","template":"","meta":[],"categories":[],"tags":[],"_links":{"self":[{"href":"https:\/\/www.airkopter.es\/es\/wp-json\/wp\/v2\/pages\/272"}],"collection":[{"href":"https:\/\/www.airkopter.es\/es\/wp-json\/wp\/v2\/pages"}],"about":[{"href":"https:\/\/www.airkopter.es\/es\/wp-json\/wp\/v2\/types\/page"}],"author":[{"embeddable":true,"href":"https:\/\/www.airkopter.es\/es\/wp-json\/wp\/v2\/users\/1"}],"replies":[{"embeddable":true,"href":"https:\/\/www.airkopter.es\/es\/wp-json\/wp\/v2\/comments?post=272"}],"version-history":[{"count":7,"href":"https:\/\/www.airkopter.es\/es\/wp-json\/wp\/v2\/pages\/272\/revisions"}],"predecessor-version":[{"id":406,"href":"https:\/\/www.airkopter.es\/es\/wp-json\/wp\/v2\/pages\/272\/revisions\/406"}],"wp:attachment":[{"href":"https:\/\/www.airkopter.es\/es\/wp-json\/wp\/v2\/media?parent=272"}],"wp:term":[{"taxonomy":"category","embeddable":true,"href":"https:\/\/www.airkopter.es\/es\/wp-json\/wp\/v2\/categories?post=272"},{"taxonomy":"post_tag","embeddable":true,"href":"https:\/\/www.airkopter.es\/es\/wp-json\/wp\/v2\/tags?post=272"}],"curies":[{"name":"wp","href":"https:\/\/api.w.org\/{rel}","templated":true}]}}