{"id":269,"date":"2022-02-14T10:45:00","date_gmt":"2022-02-14T10:45:00","guid":{"rendered":"https:\/\/www.airkopter.es\/?page_id=269"},"modified":"2025-02-06T09:35:29","modified_gmt":"2025-02-06T09:35:29","slug":"contacto","status":"publish","type":"page","link":"https:\/\/www.airkopter.es\/es\/contacto\/","title":{"rendered":"Contacto"},"content":{"rendered":"<p>[vc_row full_width=\u00bbstretch_row_content\u00bb gap=\u00bb35&#8243; equal_height=\u00bbyes\u00bb css=\u00bb.vc_custom_1646380043316{margin-top: 0px !important;margin-bottom: 0px !important;background-position: center !important;background-repeat: no-repeat !important;background-size: cover !important;}\u00bb el_class=\u00bbswap-on-mobile\u00bb][vc_column width=\u00bb1\/6&#8243; offset=\u00bbvc_hidden-sm vc_hidden-xs\u00bb][\/vc_column][vc_column width=\u00bb2\/6&#8243;][vc_raw_html]JTNDaDElMjBzdHlsZSUzRCUyMnotaW5kZXglM0ExJTNCcG9zaXRpb24lM0ElMjByZWxhdGl2ZSUzQiUyMiUzRSUzQ3NwYW4lMjBzdHlsZSUzRCUyMnRvcCUzQSUyMDM1cHglM0IlMjB3aWR0aCUzQTIzMHB4JTNCaGVpZ2h0JTNBMTlweCUzQiUyMiUyMGNsYXNzJTNEJTIyeWVsbG93X2xpbmUlMjIlM0UlM0MlMkZzcGFuJTNFQ29udGFjdG8lM0MlMkZoMSUzRSUwQSUzQ3AlMjBzdHlsZSUzRCUyMm1hcmdpbi10b3AlM0E0MHB4JTNCbWFyZ2luLWJvdHRvbSUzQTIwcHglM0IlMjIlM0UlMEFSZWxsZW5hJTIwbnVlc3RybyUyMGZvcm11bGFyaW8lMjBkZSUyMGNvbnRhY3RvJTIweSUyMG5vcyUyMHBvbmRyZW1vcyUyMGVuJTIwY29udGFjdG8lMjBjb250aWdvLiUzQyUyRnAlM0UlMEE=[\/vc_raw_html][vc_column_text]<div role=\"form\" class=\"wpcf7\" id=\"wpcf7-f230-o1\" lang=\"es-ES\" dir=\"ltr\">\n<div class=\"screen-reader-response\"><p role=\"status\" aria-live=\"polite\" aria-atomic=\"true\"><\/p> <ul><\/ul><\/div>\n<form action=\"\/es\/wp-json\/wp\/v2\/pages\/269#wpcf7-f230-o1\" method=\"post\" class=\"wpcf7-form init\" novalidate=\"novalidate\" data-status=\"init\">\n<div style=\"display: none;\">\n<input type=\"hidden\" name=\"_wpcf7\" value=\"230\" \/>\n<input type=\"hidden\" name=\"_wpcf7_version\" value=\"5.5.6\" \/>\n<input type=\"hidden\" name=\"_wpcf7_locale\" value=\"es_ES\" \/>\n<input type=\"hidden\" name=\"_wpcf7_unit_tag\" value=\"wpcf7-f230-o1\" \/>\n<input type=\"hidden\" name=\"_wpcf7_container_post\" value=\"0\" \/>\n<input type=\"hidden\" name=\"_wpcf7_posted_data_hash\" value=\"\" \/>\n<input type=\"hidden\" name=\"_wpcf7_recaptcha_response\" value=\"\" \/>\n<\/div>\n<div style=\"margin-bottom:20px;\"><span class=\"wpcf7-form-control-wrap nombre\"><input type=\"text\" name=\"nombre\" value=\"\" size=\"40\" class=\"wpcf7-form-control wpcf7-text\" aria-invalid=\"false\" placeholder=\"Nombre y apellido\" \/><\/span><\/div>\n<div style=\"margin-bottom:20px;\"><span class=\"wpcf7-form-control-wrap email\"><input type=\"email\" name=\"email\" value=\"\" size=\"40\" class=\"wpcf7-form-control wpcf7-text wpcf7-email wpcf7-validates-as-email\" aria-invalid=\"false\" placeholder=\"Email\" \/><\/span><\/div>\n<div style=\"margin-bottom:20px;\"><span class=\"wpcf7-form-control-wrap telefono\"><input type=\"tel\" name=\"telefono\" value=\"\" size=\"40\" class=\"wpcf7-form-control wpcf7-text wpcf7-tel wpcf7-validates-as-tel\" aria-invalid=\"false\" placeholder=\"Tel\u00e9fono\" \/><\/span><\/div>\n<div style=\"margin-bottom:30px;\"><span class=\"wpcf7-form-control-wrap mensaje\"><textarea name=\"mensaje\" cols=\"40\" rows=\"3\" class=\"wpcf7-form-control wpcf7-textarea\" aria-invalid=\"false\" placeholder=\"Mensaje\"><\/textarea><\/span><\/div>\n<div class=\"rgpd\">\n<div style=\"margin-bottom:25px;\">Responsable del tratamiento: AIRKOPTER SL. Direcci\u00f3n del responsable: AER\u00d3DROMO DE CASARRUBIOS, HANGAR 10, TOLEDO. Finalidad: Sus datos ser\u00e1n usados para poder atender sus solicitudes y prestarle nuestros servicios. Legitimaci\u00f3n: \u00danicamente trataremos sus datos con su consentimiento previo, que podr\u00e1 facilitarnos mediante la casilla correspondiente establecida al efecto. Destinatarios: Con car\u00e1cter general, s\u00f3lo el personal de nuestra entidad que est\u00e9 debidamente autorizado podr\u00e1 tener conocimiento de la informaci\u00f3n que le pedimos. Derechos: Tiene derecho a saber qu\u00e9 informaci\u00f3n tenemos sobre usted, corregirla y eliminarla, tal y como se explica en la informaci\u00f3n adicional disponible en nuestra p\u00e1gina web.<\/div>\n<div style=\"font-size:14px;font-weight:bold;margin-bottom:15px;\"><span class=\"wpcf7-form-control-wrap acceptance-846\"><span class=\"wpcf7-form-control wpcf7-acceptance\"><span class=\"wpcf7-list-item\"><label><input type=\"checkbox\" name=\"acceptance-846\" value=\"1\" aria-invalid=\"false\" \/><span class=\"wpcf7-list-item-label\">&nbsp * Acepto la <a style=\"color:inherit;\" href=\"\/privacy-policy\/\">pol\u00edtica de privacidad<\/a> y el <a style=\"color:inherit;\" href=\"\/legal-notice\/\">aviso legal<\/a><\/span><\/label><\/span><\/span><\/span><\/div>\n<div style=\"font-size:14px;font-weight:bold;margin-bottom:25px;\"><span class=\"wpcf7-form-control-wrap acceptance-505\"><span class=\"wpcf7-form-control wpcf7-acceptance optional\"><span class=\"wpcf7-list-item\"><label><input type=\"checkbox\" name=\"acceptance-505\" value=\"1\" aria-invalid=\"false\" \/><span class=\"wpcf7-list-item-label\">&nbsp Acepto recibir ofertas comerciales y promociones<\/span><\/label><\/span><\/span><\/span><\/div>\n<\/div>\n<p><input type=\"submit\" value=\"Enviar mensaje\" class=\"wpcf7-form-control has-spinner wpcf7-submit\" id=\"contact_airkopter\" \/><\/p>\n<div class=\"wpcf7-response-output\" aria-hidden=\"true\"><\/div><\/form><\/div>[\/vc_column_text][\/vc_column][vc_column width=\u00bb1\/2&#8243; css=\u00bb.vc_custom_1646379857155{padding-right: 50px !important;padding-left: 50px !important;background-image: url(https:\/\/www.airkopter.es\/wp-content\/uploads\/2022\/02\/background-page.jpg?id=10) !important;background-position: center !important;background-repeat: no-repeat !important;background-size: cover !important;}\u00bb el_class=\u00bbpadding0&#8243;][vc_raw_html el_class=\u00bbinfo-box-contacto\u00bb]JTNDYSUyMHN0eWxlJTNEJTIyY29sb3IlM0Fpbmhlcml0JTNCdGV4dC1kZWNvcmF0aW9uJTNBbm9uZSUzQiUyMiUyMGhyZWYlM0QlMjJodHRwcyUzQSUyRiUyRm1hcHMuYXBwLmdvby5nbCUyRmNDTG1mRVZDOUpFRVdqTHc4JTIyJTNFJTBBJTNDZGl2JTNFJTBBJTNDaDIlMjBzdHlsZSUzRCUyMnotaW5kZXglM0ExJTNCcG9zaXRpb24lM0ElMjByZWxhdGl2ZSUzQiUyMiUzRSUzQ2klMjBzdHlsZSUzRCUyMm1hcmdpbi1yaWdodCUzQTEwcHglM0IlMjIlMjBjbGFzcyUzRCUyMmZhcyUyMGZhLW1hcC1tYXJrZXItYWx0JTIyJTNFJTNDJTJGaSUzRSUzQ3NwYW4lMjBzdHlsZSUzRCUyMmxlZnQlM0EzMHB4JTNCdG9wJTNBJTIwMjBweCUzQndpZHRoJTNBMjAwcHglM0JoZWlnaHQlM0ExM3B4JTNCJTIyJTIwY2xhc3MlM0QlMjJ5ZWxsb3dfbGluZSUyMiUzRSUzQyUyRnNwYW4lM0VPZmljaW5hJTIwY2VudHJhbCUzQyUyRmgyJTNFJTBBJTNDJTJGZGl2JTNFJTBBJTNDcCUzRUNhc2FycnViaW9zJTIwRGVsJTIwTW9udGUlMEElM0NiciUzRSUwQUFlciVDMyVCM2Ryb21vJTIwZGUlMjBDYXNhcnJ1YmlvcyUyQyUyMEhhbmdhciUyMDEwJTNDJTJGcCUzRSUwQSUzQyUyRmElM0U=[\/vc_raw_html][vc_raw_html el_class=\u00bbinfo-box-contacto\u00bb]JTNDZGl2JTNFJTBBJTNDaDIlMjBzdHlsZSUzRCUyMnotaW5kZXglM0ExJTNCcG9zaXRpb24lM0ElMjByZWxhdGl2ZSUzQiUyMiUzRSUzQ2klMjBzdHlsZSUzRCUyMm1hcmdpbi1yaWdodCUzQTEwcHglM0IlMjIlMjBjbGFzcyUzRCUyMmZhcyUyMGZhLWVudmVsb3BlLW9wZW4tdGV4dCUyMiUzRSUzQyUyRmklM0UlM0NzcGFuJTIwc3R5bGUlM0QlMjJsZWZ0JTNBMzdweCUzQnRvcCUzQSUyMDIwcHglM0J3aWR0aCUzQTgycHglM0JoZWlnaHQlM0ExM3B4JTNCJTIyJTIwY2xhc3MlM0QlMjJ5ZWxsb3dfbGluZSUyMiUzRSUzQyUyRnNwYW4lM0VFbWFpbCUzQyUyRmgyJTNFJTBBJTNDJTJGZGl2JTNFJTBBJTNDcCUzRSUzQ2ElMjBzdHlsZSUzRCUyMmNvbG9yJTNBaW5oZXJpdCUzQnRleHQtZGVjb3JhdGlvbiUzQW5vbmUlM0IlMjIlMjBocmVmJTNEJTIybWFpbHRvJTNBZmVybmFuZG92aWRhbCU0MGFpcmtvcHRlci5lcyUyMiUzRWZlcm5hbmRvdmlkYWwlNDBhaXJrb3B0ZXIuZXMlM0MlMkZhJTNFJTBBJTNDYnIlM0UlMEElM0NhJTIwc3R5bGUlM0QlMjJjb2xvciUzQWluaGVyaXQlM0J0ZXh0LWRlY29yYXRpb24lM0Fub25lJTNCJTIyJTIwaHJlZiUzRCUyMm1haWx0byUzQWFudG9uaW92aWRhbCU0MGFpcmtvcHRlci5lcyUyMiUzRWFudG9uaW92aWRhbCU0MGFpcmtvcHRlci5lcyUzQyUyRmElM0UlM0MlMkZwJTNF[\/vc_raw_html][vc_raw_html el_class=\u00bbinfo-box-contacto\u00bb]JTNDZGl2JTNFJTBBJTNDaDIlMjBzdHlsZSUzRCUyMnotaW5kZXglM0ExJTNCcG9zaXRpb24lM0ElMjByZWxhdGl2ZSUzQiUyMiUzRSUzQ2klMjBzdHlsZSUzRCUyMm1hcmdpbi1yaWdodCUzQTEwcHglM0IlMjIlMjBjbGFzcyUzRCUyMmZhcyUyMGZhLWhhc2h0YWclMjIlM0UlM0MlMkZpJTNFJTNDc3BhbiUyMHN0eWxlJTNEJTIybGVmdCUzQTMycHglM0J0b3AlM0ElMjAyMHB4JTNCd2lkdGglM0EyMDBweCUzQmhlaWdodCUzQTEzcHglM0IlMjIlMjBjbGFzcyUzRCUyMnllbGxvd19saW5lJTIyJTNFJTNDJTJGc3BhbiUzRVJlZGVzJTIwc29jaWFsZXMlM0MlMkZoMiUzRSUwQSUzQyUyRmRpdiUzRSUwQSUzQ3AlM0UlM0NpJTIwc3R5bGUlM0QlMjJtYXJnaW4tcmlnaHQlM0ExNXB4JTNCJTIyJTIwY2xhc3MlM0QlMjJmYWIlMjBmYS1saW5rZWRpbi1pbiUyMiUzRSUzQyUyRmklM0UlM0NhJTIwc3R5bGUlM0QlMjJjb2xvciUzQWluaGVyaXQlM0J0ZXh0LWRlY29yYXRpb24lM0Fub25lJTNCJTIyJTIwaHJlZiUzRCUyMmh0dHBzJTNBJTJGJTJGZXMubGlua2VkaW4uY29tJTJGY29tcGFueSUyRmFpcmtvcHRlciUzRnRyayUzRHB1YmxpY19wcm9maWxlX3RvcGNhcmQtY3VycmVudC1jb21wYW55JTIyJTNFQWlya29wdGVyJTNDJTJGYSUzRSUzQyUyRnAlM0UlMEElM0NwJTNFJTNDaSUyMHN0eWxlJTNEJTIybWFyZ2luLXJpZ2h0JTNBMTVweCUzQiUyMiUyMGNsYXNzJTNEJTIyZmFiJTIwZmEtaW5zdGFncmFtJTIyJTNFJTNDJTJGaSUzRSUzQ2ElMjBzdHlsZSUzRCUyMmNvbG9yJTNBaW5oZXJpdCUzQnRleHQtZGVjb3JhdGlvbiUzQW5vbmUlM0IlMjIlMjBocmVmJTNEJTIyaHR0cHMlM0ElMkYlMkZ3d3cuaW5zdGFncmFtLmNvbSUyRmFpcmtvcHRlci5ncm91cCUyRiUyMiUzRWFpcmtvcHRlci5ncm91cCUzQyUyRmElM0UlM0MlMkZwJTNF[\/vc_raw_html][\/vc_column][\/vc_row]<\/p>\n","protected":false},"excerpt":{"rendered":"<p>[vc_row full_width=\u00bbstretch_row_content\u00bb gap=\u00bb35&#8243; equal_height=\u00bbyes\u00bb css=\u00bb.vc_custom_1646380043316{margin-top: 0px !important;margin-bottom: 0px !important;background-position: center !important;background-repeat: no-repeat !important;background-size: cover !important;}\u00bb el_class=\u00bbswap-on-mobile\u00bb][vc_column width=\u00bb1\/6&#8243; offset=\u00bbvc_hidden-sm vc_hidden-xs\u00bb][\/vc_column][vc_column width=\u00bb2\/6&#8243;][vc_raw_html]JTNDaDElMjBzdHlsZSUzRCUyMnotaW5kZXglM0ExJTNCcG9zaXRpb24lM0ElMjByZWxhdGl2ZSUzQiUyMiUzRSUzQ3NwYW4lMjBzdHlsZSUzRCUyMnRvcCUzQSUyMDM1cHglM0IlMjB3aWR0aCUzQTIzMHB4JTNCaGVpZ2h0JTNBMTlweCUzQiUyMiUyMGNsYXNzJTNEJTIyeWVsbG93X2xpbmUlMjIlM0UlM0MlMkZzcGFuJTNFQ29udGFjdG8lM0MlMkZoMSUzRSUwQSUzQ3AlMjBzdHlsZSUzRCUyMm1hcmdpbi10b3AlM0E0MHB4JTNCbWFyZ2luLWJvdHRvbSUzQTIwcHglM0IlMjIlM0UlMEFSZWxsZW5hJTIwbnVlc3RybyUyMGZvcm11bGFyaW8lMjBkZSUyMGNvbnRhY3RvJTIweSUyMG5vcyUyMHBvbmRyZW1vcyUyMGVuJTIwY29udGFjdG8lMjBjb250aWdvLiUzQyUyRnAlM0UlMEE=[\/vc_raw_html][vc_column_text][\/vc_column_text][\/vc_column][vc_column width=\u00bb1\/2&#8243; css=\u00bb.vc_custom_1646379857155{padding-right: 50px !important;padding-left: 50px !important;background-image: url(https:\/\/www.airkopter.es\/wp-content\/uploads\/2022\/02\/background-page.jpg?id=10) !important;background-position: center !important;background-repeat: no-repeat !important;background-size: cover !important;}\u00bb el_class=\u00bbpadding0&#8243;][vc_raw_html el_class=\u00bbinfo-box-contacto\u00bb]JTNDYSUyMHN0eWxlJTNEJTIyY29sb3IlM0Fpbmhlcml0JTNCdGV4dC1kZWNvcmF0aW9uJTNBbm9uZSUzQiUyMiUyMGhyZWYlM0QlMjJodHRwcyUzQSUyRiUyRm1hcHMuYXBwLmdvby5nbCUyRmNDTG1mRVZDOUpFRVdqTHc4JTIyJTNFJTBBJTNDZGl2JTNFJTBBJTNDaDIlMjBzdHlsZSUzRCUyMnotaW5kZXglM0ExJTNCcG9zaXRpb24lM0ElMjByZWxhdGl2ZSUzQiUyMiUzRSUzQ2klMjBzdHlsZSUzRCUyMm1hcmdpbi1yaWdodCUzQTEwcHglM0IlMjIlMjBjbGFzcyUzRCUyMmZhcyUyMGZhLW1hcC1tYXJrZXItYWx0JTIyJTNFJTNDJTJGaSUzRSUzQ3NwYW4lMjBzdHlsZSUzRCUyMmxlZnQlM0EzMHB4JTNCdG9wJTNBJTIwMjBweCUzQndpZHRoJTNBMjAwcHglM0JoZWlnaHQlM0ExM3B4JTNCJTIyJTIwY2xhc3MlM0QlMjJ5ZWxsb3dfbGluZSUyMiUzRSUzQyUyRnNwYW4lM0VPZmljaW5hJTIwY2VudHJhbCUzQyUyRmgyJTNFJTBBJTNDJTJGZGl2JTNFJTBBJTNDcCUzRUNhc2FycnViaW9zJTIwRGVsJTIwTW9udGUlMEElM0NiciUzRSUwQUFlciVDMyVCM2Ryb21vJTIwZGUlMjBDYXNhcnJ1YmlvcyUyQyUyMEhhbmdhciUyMDEwJTNDJTJGcCUzRSUwQSUzQyUyRmElM0U=[\/vc_raw_html][vc_raw_html el_class=\u00bbinfo-box-contacto\u00bb]JTNDZGl2JTNFJTBBJTNDaDIlMjBzdHlsZSUzRCUyMnotaW5kZXglM0ExJTNCcG9zaXRpb24lM0ElMjByZWxhdGl2ZSUzQiUyMiUzRSUzQ2klMjBzdHlsZSUzRCUyMm1hcmdpbi1yaWdodCUzQTEwcHglM0IlMjIlMjBjbGFzcyUzRCUyMmZhcyUyMGZhLWVudmVsb3BlLW9wZW4tdGV4dCUyMiUzRSUzQyUyRmklM0UlM0NzcGFuJTIwc3R5bGUlM0QlMjJsZWZ0JTNBMzdweCUzQnRvcCUzQSUyMDIwcHglM0J3aWR0aCUzQTgycHglM0JoZWlnaHQlM0ExM3B4JTNCJTIyJTIwY2xhc3MlM0QlMjJ5ZWxsb3dfbGluZSUyMiUzRSUzQyUyRnNwYW4lM0VFbWFpbCUzQyUyRmgyJTNFJTBBJTNDJTJGZGl2JTNFJTBBJTNDcCUzRSUzQ2ElMjBzdHlsZSUzRCUyMmNvbG9yJTNBaW5oZXJpdCUzQnRleHQtZGVjb3JhdGlvbiUzQW5vbmUlM0IlMjIlMjBocmVmJTNEJTIybWFpbHRvJTNBZmVybmFuZG92aWRhbCU0MGFpcmtvcHRlci5lcyUyMiUzRWZlcm5hbmRvdmlkYWwlNDBhaXJrb3B0ZXIuZXMlM0MlMkZhJTNFJTBBJTNDYnIlM0UlMEElM0NhJTIwc3R5bGUlM0QlMjJjb2xvciUzQWluaGVyaXQlM0J0ZXh0LWRlY29yYXRpb24lM0Fub25lJTNCJTIyJTIwaHJlZiUzRCUyMm1haWx0byUzQWFudG9uaW92aWRhbCU0MGFpcmtvcHRlci5lcyUyMiUzRWFudG9uaW92aWRhbCU0MGFpcmtvcHRlci5lcyUzQyUyRmElM0UlM0MlMkZwJTNF[\/vc_raw_html][vc_raw_html el_class=\u00bbinfo-box-contacto\u00bb]JTNDZGl2JTNFJTBBJTNDaDIlMjBzdHlsZSUzRCUyMnotaW5kZXglM0ExJTNCcG9zaXRpb24lM0ElMjByZWxhdGl2ZSUzQiUyMiUzRSUzQ2klMjBzdHlsZSUzRCUyMm1hcmdpbi1yaWdodCUzQTEwcHglM0IlMjIlMjBjbGFzcyUzRCUyMmZhcyUyMGZhLWhhc2h0YWclMjIlM0UlM0MlMkZpJTNFJTNDc3BhbiUyMHN0eWxlJTNEJTIybGVmdCUzQTMycHglM0J0b3AlM0ElMjAyMHB4JTNCd2lkdGglM0EyMDBweCUzQmhlaWdodCUzQTEzcHglM0IlMjIlMjBjbGFzcyUzRCUyMnllbGxvd19saW5lJTIyJTNFJTNDJTJGc3BhbiUzRVJlZGVzJTIwc29jaWFsZXMlM0MlMkZoMiUzRSUwQSUzQyUyRmRpdiUzRSUwQSUzQ3AlM0UlM0NpJTIwc3R5bGUlM0QlMjJtYXJnaW4tcmlnaHQlM0ExNXB4JTNCJTIyJTIwY2xhc3MlM0QlMjJmYWIlMjBmYS1saW5rZWRpbi1pbiUyMiUzRSUzQyUyRmklM0UlM0NhJTIwc3R5bGUlM0QlMjJjb2xvciUzQWluaGVyaXQlM0J0ZXh0LWRlY29yYXRpb24lM0Fub25lJTNCJTIyJTIwaHJlZiUzRCUyMmh0dHBzJTNBJTJGJTJGZXMubGlua2VkaW4uY29tJTJGY29tcGFueSUyRmFpcmtvcHRlciUzRnRyayUzRHB1YmxpY19wcm9maWxlX3RvcGNhcmQtY3VycmVudC1jb21wYW55JTIyJTNFQWlya29wdGVyJTNDJTJGYSUzRSUzQyUyRnAlM0UlMEElM0NwJTNFJTNDaSUyMHN0eWxlJTNEJTIybWFyZ2luLXJpZ2h0JTNBMTVweCUzQiUyMiUyMGNsYXNzJTNEJTIyZmFiJTIwZmEtaW5zdGFncmFtJTIyJTNFJTNDJTJGaSUzRSUzQ2ElMjBzdHlsZSUzRCUyMmNvbG9yJTNBaW5oZXJpdCUzQnRleHQtZGVjb3JhdGlvbiUzQW5vbmUlM0IlMjIlMjBocmVmJTNEJTIyaHR0cHMlM0ElMkYlMkZ3d3cuaW5zdGFncmFtLmNvbSUyRmFpcmtvcHRlci5ncm91cCUyRiUyMiUzRWFpcmtvcHRlci5ncm91cCUzQyUyRmElM0UlM0MlMkZwJTNF[\/vc_raw_html][\/vc_column][\/vc_row]<\/p>\n","protected":false},"author":1,"featured_media":0,"parent":0,"menu_order":0,"comment_status":"closed","ping_status":"closed","template":"","meta":[],"categories":[],"tags":[],"_links":{"self":[{"href":"https:\/\/www.airkopter.es\/es\/wp-json\/wp\/v2\/pages\/269"}],"collection":[{"href":"https:\/\/www.airkopter.es\/es\/wp-json\/wp\/v2\/pages"}],"about":[{"href":"https:\/\/www.airkopter.es\/es\/wp-json\/wp\/v2\/types\/page"}],"author":[{"embeddable":true,"href":"https:\/\/www.airkopter.es\/es\/wp-json\/wp\/v2\/users\/1"}],"replies":[{"embeddable":true,"href":"https:\/\/www.airkopter.es\/es\/wp-json\/wp\/v2\/comments?post=269"}],"version-history":[{"count":6,"href":"https:\/\/www.airkopter.es\/es\/wp-json\/wp\/v2\/pages\/269\/revisions"}],"predecessor-version":[{"id":654,"href":"https:\/\/www.airkopter.es\/es\/wp-json\/wp\/v2\/pages\/269\/revisions\/654"}],"wp:attachment":[{"href":"https:\/\/www.airkopter.es\/es\/wp-json\/wp\/v2\/media?parent=269"}],"wp:term":[{"taxonomy":"category","embeddable":true,"href":"https:\/\/www.airkopter.es\/es\/wp-json\/wp\/v2\/categories?post=269"},{"taxonomy":"post_tag","embeddable":true,"href":"https:\/\/www.airkopter.es\/es\/wp-json\/wp\/v2\/tags?post=269"}],"curies":[{"name":"wp","href":"https:\/\/api.w.org\/{rel}","templated":true}]}}